{"id":7588,"date":"2022-09-07T11:23:32","date_gmt":"2022-09-07T11:23:32","guid":{"rendered":"https:\/\/numbersquare.de\/?page_id=7588"},"modified":"2023-01-11T05:04:26","modified_gmt":"2023-01-11T05:04:26","slug":"impressum","status":"publish","type":"page","link":"https:\/\/numbersquare.de\/en\/impressum\/","title":{"rendered":"Imprint"},"content":{"rendered":"<div data-elementor-type=\"wp-page\" data-elementor-id=\"7588\" class=\"elementor elementor-7588\" data-elementor-post-type=\"page\">\n\t\t\t\t\t\t<section class=\"elementor-section elementor-top-section elementor-element elementor-element-7c10c348 elementor-section-boxed elementor-section-height-default elementor-section-height-default\" data-id=\"7c10c348\" data-element_type=\"section\" data-e-type=\"section\" id=\"xs_accor_rounded_line_shape\" data-settings=\"{&quot;background_background&quot;:&quot;classic&quot;}\">\n\t\t\t\t\t\t<div class=\"elementor-container elementor-column-gap-default\">\n\t\t\t\t\t<div class=\"elementor-column elementor-col-100 elementor-top-column elementor-element elementor-element-679cce2\" data-id=\"679cce2\" data-element_type=\"column\" data-e-type=\"column\">\n\t\t\t<div class=\"elementor-widget-wrap elementor-element-populated\">\n\t\t\t\t\t\t<div class=\"elementor-element elementor-element-9ae8327 elementor-widget elementor-widget-heading\" data-id=\"9ae8327\" data-element_type=\"widget\" data-e-type=\"widget\" data-widget_type=\"heading.default\">\n\t\t\t\t<div class=\"elementor-widget-container\">\n\t\t\t\t\t<h1 class=\"elementor-heading-title elementor-size-default\">Imprint<\/h1>\t\t\t\t<\/div>\n\t\t\t\t<\/div>\n\t\t\t\t<div class=\"elementor-element elementor-element-02f92d8 elementor-widget elementor-widget-text-editor\" data-id=\"02f92d8\" data-element_type=\"widget\" data-e-type=\"widget\" data-widget_type=\"text-editor.default\">\n\t\t\t\t<div class=\"elementor-widget-container\">\n\t\t\t\t\t\t\t\t\t<h2>Adresse<\/h2><p><strong>NumberSquare GmbH<\/strong><br \/>Bavariafilmplatz 7<br \/>82031 Gr\u00fcnwald<br \/>Deutschland<br \/>Eintragung im Handelsregister<br \/>Registergericht: Amtsgericht M\u00fcnchen<br \/>Registernummer: HRB 277206<br \/>Ust.-ID DE355688834<br \/>Vertreten durch: Evgenij Bakulin<\/p><h2>Contact<\/h2><p>E-Mail: <a href=\"\/en\/&\/#x6d;a&#x69;&#108;&#x74;&#111;:&#x68;&#101;&#x6c;&#108;o&#x40;&#110;&#x75;&#109;b&#x65;r&#x73;&#113;&#x75;&#x61;r&#x65;&#46;&#x64;&#101;\">h&#101;&#108;&#x6c;&#x6f;&#x40;&#x6e;u&#109;&#98;&#101;&#x72;&#x73;&#x71;ua&#114;&#101;&#x2e;&#x64;&#x65;<\/a><\/p><h2>Urheberrechte<\/h2><p>Die Inhalte der Websiten www.numbersquare.de und www.financeguys.de unterliegen \u2013 sofern nicht anders gekennzeichnet \u2013 dem Urheberrecht und d\u00fcrfen nicht ohne vorherige schriftliche Zustimmung der NumberSquare GmbH weder als Ganzes noch in Teilen verbreitet, ver\u00e4ndert oder kopiert werden. Die auf dieser Website eingebundenen Bilder d\u00fcrfen nicht ohne vorherige schriftliche Zustimmung der NumberSquare GmbH verwendet werden. Auf den Websites enthaltene Bilder unterliegen teilweise dem Urheberrecht Dritter.<\/p><h2>Haftungsausschluss<\/h2><p>Trotz sorgf\u00e4ltiger inhaltlicher Kontrolle \u00fcbernehmen wir keine Haftung f\u00fcr die Inhalte externer Links. F\u00fcr den Inhalt der verlinkten Seiten sind ausschlie\u00dflich deren Betreiber verantwortlich. Alle innerhalb des Internetangebotes genannten und ggf. durch Dritte gesch\u00fctzten Marken- und Warenzeichen unterliegen uneingeschr\u00e4nkt den Bestimmungen des jeweils g\u00fcltigen Kennzeichenrechts und den Besitzrechten der jeweiligen eingetragenen Eigent\u00fcmer. Allein aufgrund der blo\u00dfen Nennung ist nicht der Schlu\u00df zu ziehen, dass Markenzeichen nicht durch Rechte Dritter gesch\u00fctzt sind!<\/p>\t\t\t\t\t\t\t\t<\/div>\n\t\t\t\t<\/div>\n\t\t\t\t\t<\/div>\n\t\t<\/div>\n\t\t\t\t\t<\/div>\n\t\t<\/section>\n\t\t\t\t<\/div>","protected":false},"excerpt":{"rendered":"<p>Impressum Adresse NumberSquare GmbHBavariafilmplatz 782031 Gr\u00fcnwaldDeutschlandEintragung im HandelsregisterRegistergericht: Amtsgericht M\u00fcnchenRegisternummer: HRB 277206Ust.-ID DE355688834Vertreten durch: Evgenij Bakulin Kontakt E-Mail: he&#108;&#108;&#111;&#64;&#x6e;&#x75;&#x6d;&#x62;&#x65;rs&#113;&#117;&#97;&#114;&#x65;&#x2e;&#x64;&#x65; Urheberrechte Die Inhalte der Websiten www.numbersquare.de und www.financeguys.de unterliegen \u2013 sofern nicht anders gekennzeichnet \u2013 dem Urheberrecht und d\u00fcrfen nicht ohne vorherige schriftliche Zustimmung der NumberSquare GmbH weder als Ganzes noch in Teilen verbreitet, ver\u00e4ndert oder &#8230; <a title=\"Imprint\" class=\"read-more\" href=\"https:\/\/numbersquare.de\/en\/impressum\/\" aria-label=\"Read more about Impressum\">Read more<\/a><\/p>","protected":false},"author":3,"featured_media":0,"parent":0,"menu_order":7,"comment_status":"closed","ping_status":"closed","template":"elementor_header_footer","meta":{"_eb_attr":"","om_disable_all_campaigns":false,"_monsterinsights_skip_tracking":false,"_monsterinsights_sitenote_active":false,"_monsterinsights_sitenote_note":"","_monsterinsights_sitenote_category":0,"footnotes":""},"class_list":["post-7588","page","type-page","status-publish"],"yoast_head":"<!-- This site is optimized with the Yoast SEO plugin v26.8 - https:\/\/yoast.com\/product\/yoast-seo-wordpress\/ -->\n<title>Impressum - NumberSquare<\/title>\n<meta name=\"description\" content=\"Jetzt Kontakt aufnehmen und ein erstes, unverbindliches Erstgespr\u00e4ch mit NumberSquare CFOs anfragen. Wir beraten dich und dein Unternehmen.\" \/>\n<meta name=\"robots\" content=\"index, follow, max-snippet:-1, max-image-preview:large, max-video-preview:-1\" \/>\n<link rel=\"canonical\" href=\"https:\/\/numbersquare.de\/en\/impressum\/\" \/>\n<meta property=\"og:locale\" content=\"en_GB\" \/>\n<meta property=\"og:type\" content=\"article\" \/>\n<meta property=\"og:title\" content=\"Impressum - NumberSquare\" \/>\n<meta property=\"og:description\" content=\"Jetzt Kontakt aufnehmen und ein erstes, unverbindliches Erstgespr\u00e4ch mit NumberSquare CFOs anfragen. Wir beraten dich und dein Unternehmen.\" \/>\n<meta property=\"og:url\" content=\"https:\/\/numbersquare.de\/en\/impressum\/\" \/>\n<meta property=\"og:site_name\" content=\"NumberSquare\" \/>\n<meta property=\"article:modified_time\" content=\"2023-01-11T05:04:26+00:00\" \/>\n<meta name=\"twitter:card\" content=\"summary_large_image\" \/>\n<meta name=\"twitter:label1\" content=\"Estimated reading time\" \/>\n\t<meta name=\"twitter:data1\" content=\"1 minute\" \/>\n<script type=\"application\/ld+json\" class=\"yoast-schema-graph\">{\"@context\":\"https:\/\/schema.org\",\"@graph\":[{\"@type\":\"WebPage\",\"@id\":\"https:\/\/numbersquare.de\/en\/impressum\/\",\"url\":\"https:\/\/numbersquare.de\/en\/impressum\/\",\"name\":\"Impressum - NumberSquare\",\"isPartOf\":{\"@id\":\"https:\/\/numbersquare.de\/en\/#website\"},\"datePublished\":\"2022-09-07T11:23:32+00:00\",\"dateModified\":\"2023-01-11T05:04:26+00:00\",\"description\":\"Jetzt Kontakt aufnehmen und ein erstes, unverbindliches Erstgespr\u00e4ch mit NumberSquare CFOs anfragen. Wir beraten dich und dein Unternehmen.\",\"breadcrumb\":{\"@id\":\"https:\/\/numbersquare.de\/en\/impressum\/#breadcrumb\"},\"inLanguage\":\"en-GB\",\"potentialAction\":[{\"@type\":\"ReadAction\",\"target\":[\"https:\/\/numbersquare.de\/en\/impressum\/\"]}]},{\"@type\":\"BreadcrumbList\",\"@id\":\"https:\/\/numbersquare.de\/en\/impressum\/#breadcrumb\",\"itemListElement\":[{\"@type\":\"ListItem\",\"position\":1,\"name\":\"Home\",\"item\":\"https:\/\/numbersquare.de\/\"},{\"@type\":\"ListItem\",\"position\":2,\"name\":\"Impressum\"}]},{\"@type\":\"WebSite\",\"@id\":\"https:\/\/numbersquare.de\/en\/#website\",\"url\":\"https:\/\/numbersquare.de\/en\/\",\"name\":\"NumberSquare\",\"description\":\"CFO Services\",\"publisher\":{\"@id\":\"https:\/\/numbersquare.de\/en\/#organization\"},\"potentialAction\":[{\"@type\":\"SearchAction\",\"target\":{\"@type\":\"EntryPoint\",\"urlTemplate\":\"https:\/\/numbersquare.de\/en\/?s={search_term_string}\"},\"query-input\":{\"@type\":\"PropertyValueSpecification\",\"valueRequired\":true,\"valueName\":\"search_term_string\"}}],\"inLanguage\":\"en-GB\"},{\"@type\":\"Organization\",\"@id\":\"https:\/\/numbersquare.de\/en\/#organization\",\"name\":\"NumberSquare\",\"url\":\"https:\/\/numbersquare.de\/en\/\",\"logo\":{\"@type\":\"ImageObject\",\"inLanguage\":\"en-GB\",\"@id\":\"https:\/\/numbersquare.de\/en\/#\/schema\/logo\/image\/\",\"url\":\"https:\/\/numbersquare.de\/wp-content\/uploads\/2022\/08\/logo2.webp\",\"contentUrl\":\"https:\/\/numbersquare.de\/wp-content\/uploads\/2022\/08\/logo2.webp\",\"width\":200,\"height\":79,\"caption\":\"NumberSquare\"},\"image\":{\"@id\":\"https:\/\/numbersquare.de\/en\/#\/schema\/logo\/image\/\"}}]}<\/script>\n<!-- \/ Yoast SEO plugin. -->","yoast_head_json":{"title":"Impressum - NumberSquare","description":"Jetzt Kontakt aufnehmen und ein erstes, unverbindliches Erstgespr\u00e4ch mit NumberSquare CFOs anfragen. Wir beraten dich und dein Unternehmen.","robots":{"index":"index","follow":"follow","max-snippet":"max-snippet:-1","max-image-preview":"max-image-preview:large","max-video-preview":"max-video-preview:-1"},"canonical":"https:\/\/numbersquare.de\/en\/impressum\/","og_locale":"en_GB","og_type":"article","og_title":"Impressum - NumberSquare","og_description":"Jetzt Kontakt aufnehmen und ein erstes, unverbindliches Erstgespr\u00e4ch mit NumberSquare CFOs anfragen. Wir beraten dich und dein Unternehmen.","og_url":"https:\/\/numbersquare.de\/en\/impressum\/","og_site_name":"NumberSquare","article_modified_time":"2023-01-11T05:04:26+00:00","twitter_card":"summary_large_image","twitter_misc":{"Estimated reading time":"1 minute"},"schema":{"@context":"https:\/\/schema.org","@graph":[{"@type":"WebPage","@id":"https:\/\/numbersquare.de\/en\/impressum\/","url":"https:\/\/numbersquare.de\/en\/impressum\/","name":"Impressum - NumberSquare","isPartOf":{"@id":"https:\/\/numbersquare.de\/en\/#website"},"datePublished":"2022-09-07T11:23:32+00:00","dateModified":"2023-01-11T05:04:26+00:00","description":"Jetzt Kontakt aufnehmen und ein erstes, unverbindliches Erstgespr\u00e4ch mit NumberSquare CFOs anfragen. Wir beraten dich und dein Unternehmen.","breadcrumb":{"@id":"https:\/\/numbersquare.de\/en\/impressum\/#breadcrumb"},"inLanguage":"en-GB","potentialAction":[{"@type":"ReadAction","target":["https:\/\/numbersquare.de\/en\/impressum\/"]}]},{"@type":"BreadcrumbList","@id":"https:\/\/numbersquare.de\/en\/impressum\/#breadcrumb","itemListElement":[{"@type":"ListItem","position":1,"name":"Home","item":"https:\/\/numbersquare.de\/"},{"@type":"ListItem","position":2,"name":"Impressum"}]},{"@type":"WebSite","@id":"https:\/\/numbersquare.de\/en\/#website","url":"https:\/\/numbersquare.de\/en\/","name":"NumberSquare","description":"CFO Services","publisher":{"@id":"https:\/\/numbersquare.de\/en\/#organization"},"potentialAction":[{"@type":"SearchAction","target":{"@type":"EntryPoint","urlTemplate":"https:\/\/numbersquare.de\/en\/?s={search_term_string}"},"query-input":{"@type":"PropertyValueSpecification","valueRequired":true,"valueName":"search_term_string"}}],"inLanguage":"en-GB"},{"@type":"Organization","@id":"https:\/\/numbersquare.de\/en\/#organization","name":"NumberSquare","url":"https:\/\/numbersquare.de\/en\/","logo":{"@type":"ImageObject","inLanguage":"en-GB","@id":"https:\/\/numbersquare.de\/en\/#\/schema\/logo\/image\/","url":"https:\/\/numbersquare.de\/wp-content\/uploads\/2022\/08\/logo2.webp","contentUrl":"https:\/\/numbersquare.de\/wp-content\/uploads\/2022\/08\/logo2.webp","width":200,"height":79,"caption":"NumberSquare"},"image":{"@id":"https:\/\/numbersquare.de\/en\/#\/schema\/logo\/image\/"}}]}},"_links":{"self":[{"href":"https:\/\/numbersquare.de\/en\/wp-json\/wp\/v2\/pages\/7588","targetHints":{"allow":["GET"]}}],"collection":[{"href":"https:\/\/numbersquare.de\/en\/wp-json\/wp\/v2\/pages"}],"about":[{"href":"https:\/\/numbersquare.de\/en\/wp-json\/wp\/v2\/types\/page"}],"author":[{"embeddable":true,"href":"https:\/\/numbersquare.de\/en\/wp-json\/wp\/v2\/users\/3"}],"replies":[{"embeddable":true,"href":"https:\/\/numbersquare.de\/en\/wp-json\/wp\/v2\/comments?post=7588"}],"version-history":[{"count":0,"href":"https:\/\/numbersquare.de\/en\/wp-json\/wp\/v2\/pages\/7588\/revisions"}],"wp:attachment":[{"href":"https:\/\/numbersquare.de\/en\/wp-json\/wp\/v2\/media?parent=7588"}],"curies":[{"name":"wp","href":"https:\/\/api.w.org\/{rel}","templated":true}]}}