{"id":8729,"date":"2022-09-06T13:20:03","date_gmt":"2022-09-06T13:20:03","guid":{"rendered":"https:\/\/numbersquare.de\/?page_id=8729"},"modified":"2023-04-24T15:48:45","modified_gmt":"2023-04-24T15:48:45","slug":"pleo","status":"publish","type":"page","link":"https:\/\/numbersquare.de\/en\/partner\/pleo\/","title":{"rendered":"Pleo"},"content":{"rendered":"<div data-elementor-type=\"wp-page\" data-elementor-id=\"8729\" class=\"elementor elementor-8729\" data-elementor-post-type=\"page\">\n\t\t\t\t\t\t<section class=\"elementor-section elementor-top-section elementor-element elementor-element-27a391d2 elementor-section-content-middle elementor-reverse-mobile elementor-section-boxed elementor-section-height-default elementor-section-height-default\" data-id=\"27a391d2\" data-element_type=\"section\" data-e-type=\"section\" data-settings=\"{&quot;background_background&quot;:&quot;classic&quot;}\">\n\t\t\t\t\t\t<div class=\"elementor-container elementor-column-gap-default\">\n\t\t\t\t\t<div class=\"elementor-column elementor-col-50 elementor-top-column elementor-element elementor-element-625991fd\" data-id=\"625991fd\" data-element_type=\"column\" data-e-type=\"column\" data-settings=\"{&quot;animation&quot;:&quot;none&quot;}\">\n\t\t\t<div class=\"elementor-widget-wrap elementor-element-populated\">\n\t\t\t\t\t\t<div class=\"elementor-element elementor-element-1b8a1492 elementor-widget elementor-widget-heading\" data-id=\"1b8a1492\" data-element_type=\"widget\" data-e-type=\"widget\" data-widget_type=\"heading.default\">\n\t\t\t\t<div class=\"elementor-widget-container\">\n\t\t\t\t\t<h2 class=\"elementor-heading-title elementor-size-default\">Our Partners<\/h2>\t\t\t\t<\/div>\n\t\t\t\t<\/div>\n\t\t\t\t<div class=\"elementor-element elementor-element-8c2563b elementor-widget elementor-widget-heading\" data-id=\"8c2563b\" data-element_type=\"widget\" data-e-type=\"widget\" data-widget_type=\"heading.default\">\n\t\t\t\t<div class=\"elementor-widget-container\">\n\t\t\t\t\t<h1 class=\"elementor-heading-title elementor-size-default\"><font color=\"#5dd65b\"><span>NumberSquare<\/span><\/font> &amp; Pleo<\/h1>\t\t\t\t<\/div>\n\t\t\t\t<\/div>\n\t\t\t\t<div class=\"elementor-element elementor-element-3b4faae2 elementor-widget elementor-widget-spacer\" data-id=\"3b4faae2\" data-element_type=\"widget\" data-e-type=\"widget\" data-widget_type=\"spacer.default\">\n\t\t\t\t<div class=\"elementor-widget-container\">\n\t\t\t\t\t\t\t<div class=\"elementor-spacer\">\n\t\t\t<div class=\"elementor-spacer-inner\"><\/div>\n\t\t<\/div>\n\t\t\t\t\t\t<\/div>\n\t\t\t\t<\/div>\n\t\t\t\t<div class=\"elementor-element elementor-element-75475935 elementor-widget elementor-widget-text-editor\" data-id=\"75475935\" data-element_type=\"widget\" data-e-type=\"widget\" data-widget_type=\"text-editor.default\">\n\t\t\t\t<div class=\"elementor-widget-container\">\n\t\t\t\t\t\t\t\t\tGesch\u00e4ftsausgaben automatisiert verwalten\t\t\t\t\t\t\t\t<\/div>\n\t\t\t\t<\/div>\n\t\t\t\t<section class=\"elementor-section elementor-inner-section elementor-element elementor-element-30162151 elementor-section-content-middle elementor-section-boxed elementor-section-height-default elementor-section-height-default\" data-id=\"30162151\" data-element_type=\"section\" data-e-type=\"section\">\n\t\t\t\t\t\t<div class=\"elementor-container elementor-column-gap-default\">\n\t\t\t\t\t<div class=\"elementor-column elementor-col-100 elementor-inner-column elementor-element elementor-element-192f30b7\" data-id=\"192f30b7\" data-element_type=\"column\" data-e-type=\"column\">\n\t\t\t<div class=\"elementor-widget-wrap elementor-element-populated\">\n\t\t\t\t\t\t<div class=\"elementor-element elementor-element-20173037 elementor-align-right elementor-widget__width-auto elementor-widget elementor-widget-button\" data-id=\"20173037\" data-element_type=\"widget\" data-e-type=\"widget\" data-widget_type=\"button.default\">\n\t\t\t\t<div class=\"elementor-widget-container\">\n\t\t\t\t\t\t\t\t\t<div class=\"elementor-button-wrapper\">\n\t\t\t\t\t<a class=\"elementor-button elementor-button-link elementor-size-lg\" href=\"https:\/\/content.pleo.io\/de\/numbersquare\">\n\t\t\t\t\t\t<span class=\"elementor-button-content-wrapper\">\n\t\t\t\t\t\t\t\t\t<span class=\"elementor-button-text\">Visit partner<\/span>\n\t\t\t\t\t<\/span>\n\t\t\t\t\t<\/a>\n\t\t\t\t<\/div>\n\t\t\t\t\t\t\t\t<\/div>\n\t\t\t\t<\/div>\n\t\t\t\t\t<\/div>\n\t\t<\/div>\n\t\t\t\t\t<\/div>\n\t\t<\/section>\n\t\t\t\t\t<\/div>\n\t\t<\/div>\n\t\t\t\t<div class=\"elementor-column elementor-col-50 elementor-top-column elementor-element elementor-element-3bb09d\" data-id=\"3bb09d\" data-element_type=\"column\" data-e-type=\"column\" data-settings=\"{&quot;background_background&quot;:&quot;slideshow&quot;,&quot;animation&quot;:&quot;none&quot;,&quot;background_slideshow_gallery&quot;:[],&quot;background_slideshow_loop&quot;:&quot;yes&quot;,&quot;background_slideshow_slide_duration&quot;:5000,&quot;background_slideshow_slide_transition&quot;:&quot;fade&quot;,&quot;background_slideshow_transition_duration&quot;:500}\">\n\t\t\t<div class=\"elementor-widget-wrap elementor-element-populated\">\n\t\t\t\t\t\t<div class=\"elementor-element elementor-element-69cffe68 elementor-widget elementor-widget-image\" data-id=\"69cffe68\" data-element_type=\"widget\" data-e-type=\"widget\" data-widget_type=\"image.default\">\n\t\t\t\t<div class=\"elementor-widget-container\">\n\t\t\t\t\t\t\t\t\t\t\t\t\t\t\t<img decoding=\"async\" width=\"250\" height=\"97\" src=\"https:\/\/numbersquare.de\/wp-content\/uploads\/2023\/02\/Pleo_Logo.png\" class=\"attachment-full size-full wp-image-8590\" alt=\"Pleo\" \/>\t\t\t\t\t\t\t\t\t\t\t\t\t\t\t<\/div>\n\t\t\t\t<\/div>\n\t\t\t\t\t<\/div>\n\t\t<\/div>\n\t\t\t\t\t<\/div>\n\t\t<\/section>\n\t\t<div class=\"elementor-element elementor-element-dfbbabc e-flex e-con-boxed e-con e-parent\" data-id=\"dfbbabc\" data-element_type=\"container\" data-e-type=\"container\">\n\t\t\t\t\t<div class=\"e-con-inner\">\n\t\t<div class=\"elementor-element elementor-element-4e6b721 e-con-full e-flex e-con e-child\" data-id=\"4e6b721\" data-element_type=\"container\" data-e-type=\"container\">\n\t\t\t\t<div class=\"elementor-element elementor-element-1381396 elementor-arrows-position-inside elementor-pagination-position-outside elementor-widget elementor-widget-image-carousel\" data-id=\"1381396\" data-element_type=\"widget\" data-e-type=\"widget\" data-settings=\"{&quot;slides_to_show&quot;:&quot;1&quot;,&quot;slides_to_show_mobile&quot;:&quot;1&quot;,&quot;navigation&quot;:&quot;both&quot;,&quot;autoplay&quot;:&quot;yes&quot;,&quot;pause_on_hover&quot;:&quot;yes&quot;,&quot;pause_on_interaction&quot;:&quot;yes&quot;,&quot;autoplay_speed&quot;:5000,&quot;infinite&quot;:&quot;yes&quot;,&quot;effect&quot;:&quot;slide&quot;,&quot;speed&quot;:500}\" data-widget_type=\"image-carousel.default\">\n\t\t\t\t<div class=\"elementor-widget-container\">\n\t\t\t\t\t\t\t<div class=\"elementor-image-carousel-wrapper swiper\" role=\"region\" aria-roledescription=\"carousel\" aria-label=\"Bild Karussell\" dir=\"ltr\">\n\t\t\t<div class=\"elementor-image-carousel swiper-wrapper\" aria-live=\"off\">\n\t\t\t\t\t\t\t\t<div class=\"swiper-slide\" role=\"group\" aria-roledescription=\"slide\" aria-label=\"1 von 4\"><figure class=\"swiper-slide-inner\"><img fetchpriority=\"high\" decoding=\"async\" src=\"https:\/\/numbersquare.de\/wp-content\/uploads\/2023\/03\/Apple_Pay_mockup-phone-card-watch-02-fix.jpg\" alt=\"Pleo App 4\" class=\"swiper-slide-image\" width=\"600\" height=\"800\" \/><\/figure><\/div><div class=\"swiper-slide\" role=\"group\" aria-roledescription=\"slide\" aria-label=\"2 von 4\"><figure class=\"swiper-slide-inner\"><img decoding=\"async\" src=\"https:\/\/numbersquare.de\/wp-content\/uploads\/2023\/03\/desktop_app.jpg\" alt=\"Pleo App 3\" class=\"swiper-slide-image\" width=\"600\" height=\"800\" \/><\/figure><\/div><div class=\"swiper-slide\" role=\"group\" aria-roledescription=\"slide\" aria-label=\"3 von 4\"><figure class=\"swiper-slide-inner\"><img loading=\"lazy\" decoding=\"async\" src=\"https:\/\/numbersquare.de\/wp-content\/uploads\/2023\/03\/P1377042.jpg\" alt=\"Pleo App 2\" class=\"swiper-slide-image\" width=\"600\" height=\"800\" \/><\/figure><\/div><div class=\"swiper-slide\" role=\"group\" aria-roledescription=\"slide\" aria-label=\"4 von 4\"><figure class=\"swiper-slide-inner\"><img loading=\"lazy\" decoding=\"async\" src=\"https:\/\/numbersquare.de\/wp-content\/uploads\/2023\/03\/pleo_app.jpg\" alt=\"pleo_app\" class=\"swiper-slide-image\" width=\"600\" height=\"894\" \/><\/figure><\/div>\t\t\t<\/div>\n\t\t\t\t\t\t\t\t\t\t\t\t<div class=\"elementor-swiper-button elementor-swiper-button-prev\" role=\"button\" tabindex=\"0\">\n\t\t\t\t\t\t<svg aria-hidden=\"true\" class=\"e-font-icon-svg e-eicon-chevron-left\" viewbox=\"0 0 1000 1000\" xmlns=\"http:\/\/www.w3.org\/2000\/svg\"><path d=\"M646 125C629 125 613 133 604 142L308 442C296 454 292 471 292 487 292 504 296 521 308 533L604 854C617 867 629 875 646 875 663 875 679 871 692 858 704 846 713 829 713 812 713 796 708 779 692 767L438 487 692 225C700 217 708 204 708 187 708 171 704 154 692 142 675 129 663 125 646 125Z\"><\/path><\/svg>\t\t\t\t\t<\/div>\n\t\t\t\t\t<div class=\"elementor-swiper-button elementor-swiper-button-next\" role=\"button\" tabindex=\"0\">\n\t\t\t\t\t\t<svg aria-hidden=\"true\" class=\"e-font-icon-svg e-eicon-chevron-right\" viewbox=\"0 0 1000 1000\" xmlns=\"http:\/\/www.w3.org\/2000\/svg\"><path d=\"M696 533C708 521 713 504 713 487 713 471 708 454 696 446L400 146C388 133 375 125 354 125 338 125 325 129 313 142 300 154 292 171 292 187 292 204 296 221 308 233L563 492 304 771C292 783 288 800 288 817 288 833 296 850 308 863 321 871 338 875 354 875 371 875 388 867 400 854L696 533Z\"><\/path><\/svg>\t\t\t\t\t<\/div>\n\t\t\t\t\n\t\t\t\t\t\t\t\t\t<div class=\"swiper-pagination\"><\/div>\n\t\t\t\t\t\t\t\t\t<\/div>\n\t\t\t\t\t\t<\/div>\n\t\t\t\t<\/div>\n\t\t\t\t<div class=\"elementor-element elementor-element-7c3af27 elementor-widget elementor-widget-text-editor\" data-id=\"7c3af27\" data-element_type=\"widget\" data-e-type=\"widget\" data-widget_type=\"text-editor.default\">\n\t\t\t\t<div class=\"elementor-widget-container\">\n\t\t\t\t\t\t\t\t\t<p>Pleo ist eines der f\u00fchrenden Ausgabenl\u00f6sung f\u00fcr zukunftsorientierte Teams in Europa. Mit smarten Firmenkarten und automatisierten Buchhaltungsprozessen hilft Pleo kleinen und mittelst\u00e4ndischen Unternehmen in ganz Europa, die M\u00fchen altmodischer Finanzprozesse hinter sich zu lassen. Mit Funktionen wie automatisierten Spesen- und Reisekostenabrechnungen, automatischer Vorkontierung von Ausgaben, Rechnungsbezahlung, einem intelligenten E-Mail-Belegfinder und prompten R\u00fcckerstattungen, wird Pleo von mehr als 25.000 Unternehmen genutzt. Pleo bietet Unternehmen und deren Finanzteams Echtzeit-Transparenz \u00fcber Ausgaben und sorgt daf\u00fcr, dass sich jeder bei der Arbeit wertgesch\u00e4tzt f\u00fchlt.<\/p>\t\t\t\t\t\t\t\t<\/div>\n\t\t\t\t<\/div>\n\t\t\t\t<div class=\"elementor-element elementor-element-5f28f79 elementor-widget elementor-widget-heading\" data-id=\"5f28f79\" data-element_type=\"widget\" data-e-type=\"widget\" data-widget_type=\"heading.default\">\n\t\t\t\t<div class=\"elementor-widget-container\">\n\t\t\t\t\t<h3 class=\"elementor-heading-title elementor-size-default\">What makes Pleo unique?<\/h3>\t\t\t\t<\/div>\n\t\t\t\t<\/div>\n\t\t\t\t<div class=\"elementor-element elementor-element-8bf6d81 elementor-widget elementor-widget-text-editor\" data-id=\"8bf6d81\" data-element_type=\"widget\" data-e-type=\"widget\" data-widget_type=\"text-editor.default\">\n\t\t\t\t<div class=\"elementor-widget-container\">\n\t\t\t\t\t\t\t\t\t<p>Pleo ist die nutzerfreundliche L\u00f6sung f\u00fcr Unternehehmensausgaben\u00a0in Europa und ist auf G2 und Capterra mit 5 Sternen bewertet.\u00a0<\/p>\t\t\t\t\t\t\t\t<\/div>\n\t\t\t\t<\/div>\n\t\t\t\t<div class=\"elementor-element elementor-element-0a15284 elementor-widget elementor-widget-heading\" data-id=\"0a15284\" data-element_type=\"widget\" data-e-type=\"widget\" data-widget_type=\"heading.default\">\n\t\t\t\t<div class=\"elementor-widget-container\">\n\t\t\t\t\t<h3 class=\"elementor-heading-title elementor-size-default\">How does Pleo work with NumberSquare?<\/h3>\t\t\t\t<\/div>\n\t\t\t\t<\/div>\n\t\t\t\t<div class=\"elementor-element elementor-element-6861838 elementor-widget elementor-widget-text-editor\" data-id=\"6861838\" data-element_type=\"widget\" data-e-type=\"widget\" data-widget_type=\"text-editor.default\">\n\t\t\t\t<div class=\"elementor-widget-container\">\n\t\t\t\t\t\t\t\t\t<p>Pleo is a software tool partner of NumberSquare.<\/p>\t\t\t\t\t\t\t\t<\/div>\n\t\t\t\t<\/div>\n\t\t\t\t<div class=\"elementor-element elementor-element-346b5ce elementor-widget elementor-widget-heading\" data-id=\"346b5ce\" data-element_type=\"widget\" data-e-type=\"widget\" data-widget_type=\"heading.default\">\n\t\t\t\t<div class=\"elementor-widget-container\">\n\t\t\t\t\t<h3 class=\"elementor-heading-title elementor-size-default\">How do customers benefit from Pleo and NumberSquare's partnership?<\/h3>\t\t\t\t<\/div>\n\t\t\t\t<\/div>\n\t\t\t\t<div class=\"elementor-element elementor-element-840dd4e elementor-widget elementor-widget-text-editor\" data-id=\"840dd4e\" data-element_type=\"widget\" data-e-type=\"widget\" data-widget_type=\"text-editor.default\">\n\t\t\t\t<div class=\"elementor-widget-container\">\n\t\t\t\t\t\t\t\t\t<p>NumberSquare customers receive a 15% discount on their first year. This requires a request to their NumberSquare manager.<\/p>\t\t\t\t\t\t\t\t<\/div>\n\t\t\t\t<\/div>\n\t\t\t\t<div class=\"elementor-element elementor-element-4b09c43 elementor-widget elementor-widget-text-editor\" data-id=\"4b09c43\" data-element_type=\"widget\" data-e-type=\"widget\" data-widget_type=\"text-editor.default\">\n\t\t\t\t<div class=\"elementor-widget-container\">\n\t\t\t\t\t\t\t\t\t<p><a href=\"https:\/\/numbersquare.de\/en\/partner\/\">&lt; View all partners<\/a><\/p>\t\t\t\t\t\t\t\t<\/div>\n\t\t\t\t<\/div>\n\t\t\t\t<\/div>\n\t\t<div class=\"elementor-element elementor-element-37bdb0c e-con-full e-flex e-con e-child\" data-id=\"37bdb0c\" data-element_type=\"container\" data-e-type=\"container\">\n\t\t<div class=\"elementor-element elementor-element-b176cf2 e-flex e-con-boxed e-con e-child\" data-id=\"b176cf2\" data-element_type=\"container\" data-e-type=\"container\" data-settings=\"{&quot;background_background&quot;:&quot;classic&quot;}\">\n\t\t\t\t\t<div class=\"e-con-inner\">\n\t\t\t\t<div class=\"elementor-element elementor-element-b111cdc elementor-widget elementor-widget-heading\" data-id=\"b111cdc\" data-element_type=\"widget\" data-e-type=\"widget\" data-widget_type=\"heading.default\">\n\t\t\t\t<div class=\"elementor-widget-container\">\n\t\t\t\t\t<h3 class=\"elementor-heading-title elementor-size-default\">Category<\/h3>\t\t\t\t<\/div>\n\t\t\t\t<\/div>\n\t\t\t\t<div class=\"elementor-element elementor-element-c575ad2 elementor-widget elementor-widget-text-editor\" data-id=\"c575ad2\" data-element_type=\"widget\" data-e-type=\"widget\" data-widget_type=\"text-editor.default\">\n\t\t\t\t<div class=\"elementor-widget-container\">\n\t\t\t\t\t\t\t\t\t<p>Corporate Expenditures<br \/>Corporate Cards<br \/>Invoices<br \/>Expense reimbursement<\/p>\t\t\t\t\t\t\t\t<\/div>\n\t\t\t\t<\/div>\n\t\t\t\t<div class=\"elementor-element elementor-element-74ad293 elementor-widget elementor-widget-heading\" data-id=\"74ad293\" data-element_type=\"widget\" data-e-type=\"widget\" data-widget_type=\"heading.default\">\n\t\t\t\t<div class=\"elementor-widget-container\">\n\t\t\t\t\t<h3 class=\"elementor-heading-title elementor-size-default\">Features<\/h3>\t\t\t\t<\/div>\n\t\t\t\t<\/div>\n\t\t\t\t<div class=\"elementor-element elementor-element-66efda7 elementor-widget elementor-widget-text-editor\" data-id=\"66efda7\" data-element_type=\"widget\" data-e-type=\"widget\" data-widget_type=\"text-editor.default\">\n\t\t\t\t<div class=\"elementor-widget-container\">\n\t\t\t\t\t\t\t\t\t<ul><li><span id=\"m_6804499096503420096m_7859630187277593069gmail-docs-internal-guid-4eaddf49-7fff-0564-710a-3727cec75efd\">Virtual and physical cards with Apple and Google Pay integration<\/span><\/li><li><span id=\"m_6804499096503420096m_7859630187277593069gmail-docs-internal-guid-4eaddf49-7fff-0564-710a-3727cec75efd\">Echtzeit- und w\u00f6chentliche Erinnerungen an das Hochladen der Belege<\/span><\/li><li><span id=\"m_6804499096503420096m_7859630187277593069gmail-docs-internal-guid-4eaddf49-7fff-0564-710a-3727cec75efd\">Vollst\u00e4ndige \u00dcbersicht aller Ausgaben der Mitarbeiter in Echtzeit<\/span><\/li><li><span id=\"m_6804499096503420096m_7859630187277593069gmail-docs-internal-guid-4eaddf49-7fff-0564-710a-3727cec75efd\">Individuelle Ausgabenlimits f\u00fcr Mitarbeiter*innen und \u00dcberpr\u00fcfung des Kaufs<\/span><\/li><li><span id=\"m_6804499096503420096m_7859630187277593069gmail-docs-internal-guid-4eaddf49-7fff-0564-710a-3727cec75efd\">Management of cash expenses, meals and mileage allowances via app<\/span><\/li><li><span id=\"m_6804499096503420096m_7859630187277593069gmail-docs-internal-guid-4eaddf49-7fff-0564-710a-3727cec75efd\">Management and payment of incoming invoices<\/span><\/li><li>Direkte Schnittstelle zu allen g\u00e4ngigen Buchhaltungssystemen, zbsp. DATEV<\/li><\/ul>\t\t\t\t\t\t\t\t<\/div>\n\t\t\t\t<\/div>\n\t\t\t\t\t<\/div>\n\t\t\t\t<\/div>\n\t\t\t\t<\/div>\n\t\t\t\t\t<\/div>\n\t\t\t\t<\/div>\n\t\t\t\t<\/div>","protected":false},"excerpt":{"rendered":"<p>Unsere Partner NumberSquare &#038; Pleo Gesch\u00e4ftsausgaben automatisiert verwalten Partner besuchen > Zur\u00fcck Weiter Pleo ist eines der f\u00fchrenden Ausgabenl\u00f6sung f\u00fcr zukunftsorientierte Teams in Europa. Mit smarten Firmenkarten und automatisierten Buchhaltungsprozessen hilft Pleo kleinen und mittelst\u00e4ndischen Unternehmen in ganz Europa, die M\u00fchen altmodischer Finanzprozesse hinter sich zu lassen. Mit Funktionen wie automatisierten Spesen- und Reisekostenabrechnungen, automatischer &#8230; <a title=\"Pleo\" class=\"read-more\" href=\"https:\/\/numbersquare.de\/en\/partner\/pleo\/\" aria-label=\"Read more about Pleo\">Read more<\/a><\/p>","protected":false},"author":3,"featured_media":0,"parent":8504,"menu_order":0,"comment_status":"closed","ping_status":"closed","template":"elementor_header_footer","meta":{"_eb_attr":"","om_disable_all_campaigns":false,"_monsterinsights_skip_tracking":false,"_monsterinsights_sitenote_active":false,"_monsterinsights_sitenote_note":"","_monsterinsights_sitenote_category":0,"footnotes":""},"class_list":["post-8729","page","type-page","status-publish"],"yoast_head":"<!-- This site is optimized with the Yoast SEO plugin v26.8 - https:\/\/yoast.com\/product\/yoast-seo-wordpress\/ -->\n<title>Pleo - NumberSquare<\/title>\n<meta name=\"description\" content=\"Startup Finanzierung: Wir suchen deine Investoren und managen den gesamten Prozess f\u00fcr dich | Jetzt kostenlos anfragen.\" \/>\n<meta name=\"robots\" content=\"index, follow, max-snippet:-1, max-image-preview:large, max-video-preview:-1\" \/>\n<link rel=\"canonical\" href=\"https:\/\/numbersquare.de\/en\/partner\/pleo\/\" \/>\n<meta property=\"og:locale\" content=\"en_GB\" \/>\n<meta property=\"og:type\" content=\"article\" \/>\n<meta property=\"og:title\" content=\"Pleo - NumberSquare\" \/>\n<meta property=\"og:description\" content=\"Startup Finanzierung: Wir suchen deine Investoren und managen den gesamten Prozess f\u00fcr dich | Jetzt kostenlos anfragen.\" \/>\n<meta property=\"og:url\" content=\"https:\/\/numbersquare.de\/en\/partner\/pleo\/\" \/>\n<meta property=\"og:site_name\" content=\"NumberSquare\" \/>\n<meta property=\"article:modified_time\" content=\"2023-04-24T15:48:45+00:00\" \/>\n<meta property=\"og:image\" content=\"https:\/\/numbersquare.de\/wp-content\/uploads\/2023\/02\/Pleo_Logo.png\" \/>\n\t<meta property=\"og:image:width\" content=\"250\" \/>\n\t<meta property=\"og:image:height\" content=\"97\" \/>\n\t<meta property=\"og:image:type\" content=\"image\/png\" \/>\n<meta name=\"twitter:card\" content=\"summary_large_image\" \/>\n<meta name=\"twitter:label1\" content=\"Estimated reading time\" \/>\n\t<meta name=\"twitter:data1\" content=\"3 minutes\" \/>\n<script type=\"application\/ld+json\" class=\"yoast-schema-graph\">{\"@context\":\"https:\/\/schema.org\",\"@graph\":[{\"@type\":\"WebPage\",\"@id\":\"https:\/\/numbersquare.de\/en\/partner\/pleo\/\",\"url\":\"https:\/\/numbersquare.de\/en\/partner\/pleo\/\",\"name\":\"Pleo - NumberSquare\",\"isPartOf\":{\"@id\":\"https:\/\/numbersquare.de\/en\/#website\"},\"primaryImageOfPage\":{\"@id\":\"https:\/\/numbersquare.de\/en\/partner\/pleo\/#primaryimage\"},\"image\":{\"@id\":\"https:\/\/numbersquare.de\/en\/partner\/pleo\/#primaryimage\"},\"thumbnailUrl\":\"https:\/\/numbersquare.de\/wp-content\/uploads\/2023\/02\/Pleo_Logo.png\",\"datePublished\":\"2022-09-06T13:20:03+00:00\",\"dateModified\":\"2023-04-24T15:48:45+00:00\",\"description\":\"Startup Finanzierung: Wir suchen deine Investoren und managen den gesamten Prozess f\u00fcr dich | Jetzt kostenlos anfragen.\",\"breadcrumb\":{\"@id\":\"https:\/\/numbersquare.de\/en\/partner\/pleo\/#breadcrumb\"},\"inLanguage\":\"en-GB\",\"potentialAction\":[{\"@type\":\"ReadAction\",\"target\":[\"https:\/\/numbersquare.de\/en\/partner\/pleo\/\"]}]},{\"@type\":\"ImageObject\",\"inLanguage\":\"en-GB\",\"@id\":\"https:\/\/numbersquare.de\/en\/partner\/pleo\/#primaryimage\",\"url\":\"https:\/\/numbersquare.de\/wp-content\/uploads\/2023\/02\/Pleo_Logo.png\",\"contentUrl\":\"https:\/\/numbersquare.de\/wp-content\/uploads\/2023\/02\/Pleo_Logo.png\"},{\"@type\":\"BreadcrumbList\",\"@id\":\"https:\/\/numbersquare.de\/en\/partner\/pleo\/#breadcrumb\",\"itemListElement\":[{\"@type\":\"ListItem\",\"position\":1,\"name\":\"Home\",\"item\":\"https:\/\/numbersquare.de\/\"},{\"@type\":\"ListItem\",\"position\":2,\"name\":\"Partner\",\"item\":\"https:\/\/numbersquare.de\/partner\/\"},{\"@type\":\"ListItem\",\"position\":3,\"name\":\"Pleo\"}]},{\"@type\":\"WebSite\",\"@id\":\"https:\/\/numbersquare.de\/en\/#website\",\"url\":\"https:\/\/numbersquare.de\/en\/\",\"name\":\"NumberSquare\",\"description\":\"CFO Services\",\"publisher\":{\"@id\":\"https:\/\/numbersquare.de\/en\/#organization\"},\"potentialAction\":[{\"@type\":\"SearchAction\",\"target\":{\"@type\":\"EntryPoint\",\"urlTemplate\":\"https:\/\/numbersquare.de\/en\/?s={search_term_string}\"},\"query-input\":{\"@type\":\"PropertyValueSpecification\",\"valueRequired\":true,\"valueName\":\"search_term_string\"}}],\"inLanguage\":\"en-GB\"},{\"@type\":\"Organization\",\"@id\":\"https:\/\/numbersquare.de\/en\/#organization\",\"name\":\"NumberSquare\",\"url\":\"https:\/\/numbersquare.de\/en\/\",\"logo\":{\"@type\":\"ImageObject\",\"inLanguage\":\"en-GB\",\"@id\":\"https:\/\/numbersquare.de\/en\/#\/schema\/logo\/image\/\",\"url\":\"https:\/\/numbersquare.de\/wp-content\/uploads\/2022\/08\/logo2.webp\",\"contentUrl\":\"https:\/\/numbersquare.de\/wp-content\/uploads\/2022\/08\/logo2.webp\",\"width\":200,\"height\":79,\"caption\":\"NumberSquare\"},\"image\":{\"@id\":\"https:\/\/numbersquare.de\/en\/#\/schema\/logo\/image\/\"}}]}<\/script>\n<!-- \/ Yoast SEO plugin. -->","yoast_head_json":{"title":"Pleo - NumberSquare","description":"Startup Finanzierung: Wir suchen deine Investoren und managen den gesamten Prozess f\u00fcr dich | Jetzt kostenlos anfragen.","robots":{"index":"index","follow":"follow","max-snippet":"max-snippet:-1","max-image-preview":"max-image-preview:large","max-video-preview":"max-video-preview:-1"},"canonical":"https:\/\/numbersquare.de\/en\/partner\/pleo\/","og_locale":"en_GB","og_type":"article","og_title":"Pleo - NumberSquare","og_description":"Startup Finanzierung: Wir suchen deine Investoren und managen den gesamten Prozess f\u00fcr dich | Jetzt kostenlos anfragen.","og_url":"https:\/\/numbersquare.de\/en\/partner\/pleo\/","og_site_name":"NumberSquare","article_modified_time":"2023-04-24T15:48:45+00:00","og_image":[{"width":250,"height":97,"url":"https:\/\/numbersquare.de\/wp-content\/uploads\/2023\/02\/Pleo_Logo.png","type":"image\/png"}],"twitter_card":"summary_large_image","twitter_misc":{"Estimated reading time":"3 minutes"},"schema":{"@context":"https:\/\/schema.org","@graph":[{"@type":"WebPage","@id":"https:\/\/numbersquare.de\/en\/partner\/pleo\/","url":"https:\/\/numbersquare.de\/en\/partner\/pleo\/","name":"Pleo - NumberSquare","isPartOf":{"@id":"https:\/\/numbersquare.de\/en\/#website"},"primaryImageOfPage":{"@id":"https:\/\/numbersquare.de\/en\/partner\/pleo\/#primaryimage"},"image":{"@id":"https:\/\/numbersquare.de\/en\/partner\/pleo\/#primaryimage"},"thumbnailUrl":"https:\/\/numbersquare.de\/wp-content\/uploads\/2023\/02\/Pleo_Logo.png","datePublished":"2022-09-06T13:20:03+00:00","dateModified":"2023-04-24T15:48:45+00:00","description":"Startup Finanzierung: Wir suchen deine Investoren und managen den gesamten Prozess f\u00fcr dich | Jetzt kostenlos anfragen.","breadcrumb":{"@id":"https:\/\/numbersquare.de\/en\/partner\/pleo\/#breadcrumb"},"inLanguage":"en-GB","potentialAction":[{"@type":"ReadAction","target":["https:\/\/numbersquare.de\/en\/partner\/pleo\/"]}]},{"@type":"ImageObject","inLanguage":"en-GB","@id":"https:\/\/numbersquare.de\/en\/partner\/pleo\/#primaryimage","url":"https:\/\/numbersquare.de\/wp-content\/uploads\/2023\/02\/Pleo_Logo.png","contentUrl":"https:\/\/numbersquare.de\/wp-content\/uploads\/2023\/02\/Pleo_Logo.png"},{"@type":"BreadcrumbList","@id":"https:\/\/numbersquare.de\/en\/partner\/pleo\/#breadcrumb","itemListElement":[{"@type":"ListItem","position":1,"name":"Home","item":"https:\/\/numbersquare.de\/"},{"@type":"ListItem","position":2,"name":"Partner","item":"https:\/\/numbersquare.de\/partner\/"},{"@type":"ListItem","position":3,"name":"Pleo"}]},{"@type":"WebSite","@id":"https:\/\/numbersquare.de\/en\/#website","url":"https:\/\/numbersquare.de\/en\/","name":"NumberSquare","description":"CFO Services","publisher":{"@id":"https:\/\/numbersquare.de\/en\/#organization"},"potentialAction":[{"@type":"SearchAction","target":{"@type":"EntryPoint","urlTemplate":"https:\/\/numbersquare.de\/en\/?s={search_term_string}"},"query-input":{"@type":"PropertyValueSpecification","valueRequired":true,"valueName":"search_term_string"}}],"inLanguage":"en-GB"},{"@type":"Organization","@id":"https:\/\/numbersquare.de\/en\/#organization","name":"NumberSquare","url":"https:\/\/numbersquare.de\/en\/","logo":{"@type":"ImageObject","inLanguage":"en-GB","@id":"https:\/\/numbersquare.de\/en\/#\/schema\/logo\/image\/","url":"https:\/\/numbersquare.de\/wp-content\/uploads\/2022\/08\/logo2.webp","contentUrl":"https:\/\/numbersquare.de\/wp-content\/uploads\/2022\/08\/logo2.webp","width":200,"height":79,"caption":"NumberSquare"},"image":{"@id":"https:\/\/numbersquare.de\/en\/#\/schema\/logo\/image\/"}}]}},"_links":{"self":[{"href":"https:\/\/numbersquare.de\/en\/wp-json\/wp\/v2\/pages\/8729","targetHints":{"allow":["GET"]}}],"collection":[{"href":"https:\/\/numbersquare.de\/en\/wp-json\/wp\/v2\/pages"}],"about":[{"href":"https:\/\/numbersquare.de\/en\/wp-json\/wp\/v2\/types\/page"}],"author":[{"embeddable":true,"href":"https:\/\/numbersquare.de\/en\/wp-json\/wp\/v2\/users\/3"}],"replies":[{"embeddable":true,"href":"https:\/\/numbersquare.de\/en\/wp-json\/wp\/v2\/comments?post=8729"}],"version-history":[{"count":3,"href":"https:\/\/numbersquare.de\/en\/wp-json\/wp\/v2\/pages\/8729\/revisions"}],"predecessor-version":[{"id":9397,"href":"https:\/\/numbersquare.de\/en\/wp-json\/wp\/v2\/pages\/8729\/revisions\/9397"}],"up":[{"embeddable":true,"href":"https:\/\/numbersquare.de\/en\/wp-json\/wp\/v2\/pages\/8504"}],"wp:attachment":[{"href":"https:\/\/numbersquare.de\/en\/wp-json\/wp\/v2\/media?parent=8729"}],"curies":[{"name":"wp","href":"https:\/\/api.w.org\/{rel}","templated":true}]}}